{"id":100,"date":"2024-08-13T12:39:34","date_gmt":"2024-08-13T12:39:34","guid":{"rendered":"https:\/\/sprinta.ch\/?page_id=100"},"modified":"2024-09-07T21:22:11","modified_gmt":"2024-09-07T21:22:11","slug":"referenzen","status":"publish","type":"page","link":"https:\/\/sprinta.ch\/index.php\/referenzen\/","title":{"rendered":"Referenzen"},"content":{"rendered":"\n<div class=\"wp-block-cover alignfull wp-duotone-unset-1\" style=\"border-style:none;border-width:0px;border-radius:0px;margin-top:0px;margin-bottom:0px;padding-top:0;padding-right:0;padding-bottom:0;padding-left:0;box-shadow:none;min-height:704px;aspect-ratio:unset;\"><span aria-hidden=\"true\" class=\"wp-block-cover__background has-background-dim-60 has-background-dim wp-block-cover__gradient-background has-background-gradient\" style=\"background:linear-gradient(90deg,rgb(0,0,0) 0%,rgb(0,0,0) 100%)\"><\/span><img loading=\"lazy\" decoding=\"async\" width=\"626\" height=\"351\" class=\"wp-block-cover__image-background wp-image-252\" alt=\"\" src=\"https:\/\/sprinta.ch\/wp-content\/uploads\/2024\/09\/wassertropfen-hintergrund_882954-44014.avif\" data-object-fit=\"cover\"\/><div class=\"wp-block-cover__inner-container is-layout-flow wp-container-core-cover-is-layout-1 wp-block-cover-is-layout-flow\">\n<div class=\"inherit-container-width wp-block-group alignwide is-layout-constrained wp-block-group-is-layout-constrained\">\n<h1 class=\"wp-block-heading has-text-align-center has-ast-global-color-5-color has-text-color has-link-color wp-elements-38d33492ac9777f7c53cb3bf8f6e382a\" style=\"padding-right:var(--wp--preset--spacing--30);padding-left:var(--wp--preset--spacing--30)\">UNSERE REFERENZEN<\/h1>\n\n\n\n<p class=\"has-text-align-center\" style=\"padding-right:var(--wp--preset--spacing--40);padding-left:var(--wp--preset--spacing--40)\">Projekte umgesetzt von Sprinta in 2024<\/p>\n<\/div>\n\n\n\n<div class=\"wp-block-buttons is-content-justification-center is-layout-flex wp-container-core-buttons-is-layout-1 wp-block-buttons-is-layout-flex\" style=\"margin-top:var(--wp--preset--spacing--30);margin-bottom:var(--wp--preset--spacing--30)\">\n<div class=\"wp-block-button\"><a class=\"wp-block-button__link has-ast-global-color-5-background-color has-background wp-element-button\" href=\"#services\" style=\"box-shadow:var(--wp--preset--shadow--crisp)\">TAUCHE EIN<\/a><\/div>\n<\/div>\n<\/div><\/div>\n\n\n\n<div class=\"wp-block-group alignfull is-layout-constrained wp-container-core-group-is-layout-2 wp-block-group-is-layout-constrained\" id=\"services\" style=\"padding-top:110px;padding-bottom:0px\">\n<h4 class=\"wp-block-heading alignwide has-text-align-left has-ast-global-color-8-color has-text-color has-link-color wp-elements-d9f3352bbc3d1255fabe783073bef432\" style=\"font-size:34px;font-style:normal;font-weight:600;line-height:0.9;text-transform:capitalize\">Referenzen Galerie<\/h4>\n\n\n\n<div class=\"wp-block-columns is-layout-flex wp-container-core-columns-is-layout-1 wp-block-columns-is-layout-flex\" style=\"margin-top:50px\">\n<div class=\"wp-block-column is-layout-flow wp-container-core-column-is-layout-1 wp-block-column-is-layout-flow\">\n<figure class=\"wp-block-image size-full is-resized has-custom-border animated fadeIn slower o-anim-offset-50px\"><img loading=\"lazy\" decoding=\"async\" width=\"1200\" height=\"1200\" src=\"https:\/\/sprinta.ch\/wp-content\/uploads\/2024\/09\/Referenz.png\" alt=\"\" class=\"wp-image-235\" style=\"border-radius:38px;width:533px;height:auto\" srcset=\"https:\/\/sprinta.ch\/wp-content\/uploads\/2024\/09\/Referenz.png 1200w, https:\/\/sprinta.ch\/wp-content\/uploads\/2024\/09\/Referenz-300x300.png 300w, https:\/\/sprinta.ch\/wp-content\/uploads\/2024\/09\/Referenz-1024x1024.png 1024w, https:\/\/sprinta.ch\/wp-content\/uploads\/2024\/09\/Referenz-150x150.png 150w, https:\/\/sprinta.ch\/wp-content\/uploads\/2024\/09\/Referenz-768x768.png 768w\" sizes=\"auto, (max-width: 1200px) 100vw, 1200px\" \/><\/figure>\n\n\n\n<h3 class=\"wp-block-heading\" style=\"margin-top:16px\">DJ Website One Pager<\/h3>\n\n\n\n<p>One Pager mit Lade Animationen, Eventkalender, Fotogalerie und Traffic Monitoring. <\/p>\n<\/div>\n\n\n\n<div class=\"wp-block-column is-layout-flow wp-container-core-column-is-layout-2 wp-block-column-is-layout-flow\">\n<figure class=\"wp-block-image size-full is-resized has-custom-border is-style-default animated fadeIn o-anim-offset-50px slower wp-duotone-unset-2\"><img loading=\"lazy\" decoding=\"async\" width=\"1200\" height=\"1200\" src=\"https:\/\/sprinta.ch\/wp-content\/uploads\/2024\/09\/Referenz-2.png\" alt=\"\" class=\"wp-image-245\" style=\"border-style:none;border-width:0px;border-radius:38px;object-fit:cover;width:530px;height:auto\" srcset=\"https:\/\/sprinta.ch\/wp-content\/uploads\/2024\/09\/Referenz-2.png 1200w, https:\/\/sprinta.ch\/wp-content\/uploads\/2024\/09\/Referenz-2-300x300.png 300w, https:\/\/sprinta.ch\/wp-content\/uploads\/2024\/09\/Referenz-2-1024x1024.png 1024w, https:\/\/sprinta.ch\/wp-content\/uploads\/2024\/09\/Referenz-2-150x150.png 150w, https:\/\/sprinta.ch\/wp-content\/uploads\/2024\/09\/Referenz-2-768x768.png 768w\" sizes=\"auto, (max-width: 1200px) 100vw, 1200px\" \/><\/figure>\n\n\n\n<h3 class=\"wp-block-heading\" style=\"margin-top:16px\">Sprinta One Pager<\/h3>\n\n\n\n<p>Selbstverst\u00e4ndlich umgesetzt von Sprinta selbst. Content Animation, Referenzen Seiten und Erh\u00f6htes Ausfallrisiko dank<\/p>\n<\/div>\n<\/div>\n<\/div>\n\n\n\n<div class=\"wp-block-group alignfull is-layout-constrained wp-container-core-group-is-layout-3 wp-block-group-is-layout-constrained\" id=\"services\" style=\"padding-top:0px;padding-bottom:0px\">\n<div class=\"wp-block-columns is-layout-flex wp-container-core-columns-is-layout-2 wp-block-columns-is-layout-flex\" style=\"margin-top:50px\">\n<div class=\"wp-block-column is-layout-flow wp-container-core-column-is-layout-3 wp-block-column-is-layout-flow\">\n<figure class=\"wp-block-image size-full is-resized has-custom-border animated fadeIn slower o-anim-offset-50px\"><img loading=\"lazy\" decoding=\"async\" width=\"1200\" height=\"1200\" src=\"https:\/\/sprinta.ch\/wp-content\/uploads\/2024\/09\/Referenz-3.png\" alt=\"\" class=\"wp-image-248\" style=\"border-radius:38px;width:533px;height:auto\" srcset=\"https:\/\/sprinta.ch\/wp-content\/uploads\/2024\/09\/Referenz-3.png 1200w, https:\/\/sprinta.ch\/wp-content\/uploads\/2024\/09\/Referenz-3-300x300.png 300w, https:\/\/sprinta.ch\/wp-content\/uploads\/2024\/09\/Referenz-3-1024x1024.png 1024w, https:\/\/sprinta.ch\/wp-content\/uploads\/2024\/09\/Referenz-3-150x150.png 150w, https:\/\/sprinta.ch\/wp-content\/uploads\/2024\/09\/Referenz-3-768x768.png 768w\" sizes=\"auto, (max-width: 1200px) 100vw, 1200px\" \/><\/figure>\n\n\n\n<h3 class=\"wp-block-heading\" style=\"margin-top:16px\">Event Flyer <\/h3>\n\n\n\n<p>Umgesetzt f\u00fcr mehrere Events und Veranstaltungen in 2024<\/p>\n<\/div>\n\n\n\n<div class=\"wp-block-column is-layout-flow wp-container-core-column-is-layout-4 wp-block-column-is-layout-flow\">\n<figure class=\"wp-block-image size-full is-resized has-custom-border is-style-default animated fadeIn slower o-anim-offset-50px wp-duotone-unset-3\"><img loading=\"lazy\" decoding=\"async\" width=\"1200\" height=\"1200\" src=\"https:\/\/sprinta.ch\/wp-content\/uploads\/2024\/09\/DJ-Website.png\" alt=\"\" class=\"wp-image-285\" style=\"border-style:none;border-width:0px;border-radius:38px;object-fit:cover;width:530px;height:auto\" srcset=\"https:\/\/sprinta.ch\/wp-content\/uploads\/2024\/09\/DJ-Website.png 1200w, https:\/\/sprinta.ch\/wp-content\/uploads\/2024\/09\/DJ-Website-300x300.png 300w, https:\/\/sprinta.ch\/wp-content\/uploads\/2024\/09\/DJ-Website-1024x1024.png 1024w, https:\/\/sprinta.ch\/wp-content\/uploads\/2024\/09\/DJ-Website-150x150.png 150w, https:\/\/sprinta.ch\/wp-content\/uploads\/2024\/09\/DJ-Website-768x768.png 768w\" sizes=\"auto, (max-width: 1200px) 100vw, 1200px\" \/><\/figure>\n\n\n\n<h3 class=\"wp-block-heading\" style=\"margin-top:16px\">Personalisierbares Webhosting<\/h3>\n\n\n\n<p>Umgesetzt mit den neusten Sicherheitsstandards und Analyse Tools. Inklusive Web Mail.<\/p>\n<\/div>\n<\/div>\n<\/div>\n\n\n\n<div class=\"wp-block-group alignfull is-layout-constrained wp-block-group-is-layout-constrained\" id=\"services\" style=\"padding-top:52px;padding-bottom:0px\">\n<h3 class=\"wp-block-heading has-text-align-center\" style=\"margin-top:0\">More Coming Soon! <\/h3>\n\n\n\n<p class=\"has-text-align-center\">Es sind bereits einige Referenzen verf\u00fcgbar, und weitere werden bald folgen. In K\u00fcrze werden wir hier zus\u00e4tzliche Projekte vorstellen, die unsere Arbeit n\u00e4her beleuchten. Bleiben Sie gespannt!<\/p>\n<\/div>\n\n\n\n<div class=\"wp-block-group alignfull is-layout-constrained wp-block-group-is-layout-constrained\" id=\"services\" style=\"padding-top:52px;padding-bottom:61px\">\n<h3 class=\"wp-block-heading has-text-align-center\" style=\"margin-top:0\">Warum Wir? <\/h3>\n\n\n\n<p class=\"has-text-align-center\">Wir kennen die Anforderungen der Informatik- und Content-Creation-Branche genau. Mit unserem Fachwissen gestalten wir herausragende Flyer und \u00fcberzeugenden Content, die perfekt auf Ihre Zielgruppe abgestimmt sind und Ihre Botschaft effektiv vermitteln. Vertrauen Sie auf unsere Erfahrung und Kreativit\u00e4t f\u00fcr Ihren Erfolg.<\/p>\n<\/div>\n\n\n\n<div class=\"wp-block-cover alignfull wp-duotone-dark-grayscale\" style=\"border-style:none;border-width:0px;border-radius:0px;margin-top:48px;margin-bottom:0px;padding-top:var(--wp--preset--spacing--50);padding-right:var(--wp--preset--spacing--50);padding-bottom:var(--wp--preset--spacing--50);padding-left:var(--wp--preset--spacing--50);box-shadow:none;min-height:369px;aspect-ratio:unset;\" id=\"contact\"><span aria-hidden=\"true\" class=\"wp-block-cover__background has-background-dim-0 has-background-dim has-background-gradient has-luminous-vivid-amber-to-luminous-vivid-orange-gradient-background\"><\/span><img loading=\"lazy\" decoding=\"async\" width=\"2400\" height=\"1350\" class=\"wp-block-cover__image-background wp-image-53\" alt=\"\" src=\"https:\/\/sprinta.ch\/wp-content\/uploads\/2024\/02\/rick-rothenberg-Ei1d8P-Fea8-unsplash.jpg\" style=\"object-position:55% 0%\" data-object-fit=\"cover\" data-object-position=\"55% 0%\" srcset=\"https:\/\/sprinta.ch\/wp-content\/uploads\/2024\/02\/rick-rothenberg-Ei1d8P-Fea8-unsplash.jpg 2400w, https:\/\/sprinta.ch\/wp-content\/uploads\/2024\/02\/rick-rothenberg-Ei1d8P-Fea8-unsplash-300x169.jpg 300w, https:\/\/sprinta.ch\/wp-content\/uploads\/2024\/02\/rick-rothenberg-Ei1d8P-Fea8-unsplash-1024x576.jpg 1024w, https:\/\/sprinta.ch\/wp-content\/uploads\/2024\/02\/rick-rothenberg-Ei1d8P-Fea8-unsplash-768x432.jpg 768w, https:\/\/sprinta.ch\/wp-content\/uploads\/2024\/02\/rick-rothenberg-Ei1d8P-Fea8-unsplash-1536x864.jpg 1536w, https:\/\/sprinta.ch\/wp-content\/uploads\/2024\/02\/rick-rothenberg-Ei1d8P-Fea8-unsplash-2048x1152.jpg 2048w\" sizes=\"auto, (max-width: 2400px) 100vw, 2400px\" \/><div class=\"wp-block-cover__inner-container is-layout-flow wp-container-core-cover-is-layout-2 wp-block-cover-is-layout-flow\">\n<div class=\"inherit-container-width wp-block-group alignwide is-layout-constrained wp-block-group-is-layout-constrained\">\n<h2 class=\"wp-block-heading has-text-align-left has-ast-global-color-6-color has-text-color has-link-color wp-elements-d2b5629bc8b177a38cb378ffd72d450e\" style=\"padding-right:var(--wp--preset--spacing--30);padding-left:var(--wp--preset--spacing--30)\">Tritt mit uns in Kontakt <\/h2>\n\n\n<style id=\"wpforms-css-vars-293-block-10dfbe3e-9523-4ac5-9a6b-0ba8c12e3895\">\n\t\t\t\t#wpforms-293.wpforms-block-10dfbe3e-9523-4ac5-9a6b-0ba8c12e3895 {\n\t\t\t\t--wpforms-label-color: var(--ast-global-color-5);\n--wpforms-label-sublabel-color: var(--ast-global-color-6);\n--wpforms-field-border-size: 2px;\n--wpforms-field-border-color: var(--ast-global-color-6);\n--wpforms-field-border-color-spare: var(--ast-global-color-6);\n--wpforms-field-text-color: var(--ast-global-color-8);\n--wpforms-button-background-color: var(--ast-global-color-6);\n--wpforms-button-text-color: var(--ast-global-color-2);\n--wpforms-field-size-input-height: 43px;\n--wpforms-field-size-input-spacing: 15px;\n--wpforms-field-size-font-size: 16px;\n--wpforms-field-size-line-height: 19px;\n--wpforms-field-size-padding-h: 14px;\n--wpforms-field-size-checkbox-size: 16px;\n--wpforms-field-size-sublabel-spacing: 5px;\n--wpforms-field-size-icon-size: 1;\n--wpforms-label-size-font-size: 16px;\n--wpforms-label-size-line-height: 19px;\n--wpforms-label-size-sublabel-font-size: 14px;\n--wpforms-label-size-sublabel-line-height: 17px;\n--wpforms-button-size-font-size: 17px;\n--wpforms-button-size-height: 41px;\n--wpforms-button-size-padding-h: 15px;\n--wpforms-button-size-margin-top: 10px;\n\t\t\t}\n\t\t\t<\/style><div class=\"wpforms-container wpforms-container-full animated fadeInDown o-anim-offset-50px wpforms-block wpforms-block-10dfbe3e-9523-4ac5-9a6b-0ba8c12e3895 wpforms-render-modern\" id=\"wpforms-293\"><form id=\"wpforms-form-293\" class=\"wpforms-validate wpforms-form wpforms-ajax-form\" data-formid=\"293\" method=\"post\" enctype=\"multipart\/form-data\" action=\"\/index.php\/wp-json\/wp\/v2\/pages\/100\" data-token=\"10736302b7d1ecfa568bf3e880f81d9a\" data-token-time=\"1776687253\"><noscript class=\"wpforms-error-noscript\">Bitte aktiviere JavaScript in deinem Browser, um dieses Formular fertigzustellen.<\/noscript><div id=\"wpforms-error-noscript\" style=\"display: none;\">Bitte aktiviere JavaScript in deinem Browser, um dieses Formular fertigzustellen.<\/div><div class=\"wpforms-field-container\">\t\t<div id=\"wpforms-293-field_5-container\"\n\t\t\tclass=\"wpforms-field wpforms-field-text\"\n\t\t\tdata-field-type=\"text\"\n\t\t\tdata-field-id=\"5\"\n\t\t\t>\n\t\t\t<label class=\"wpforms-field-label\" for=\"wpforms-293-field_5\" >Information Service E-Mail-Adresse<\/label>\n\t\t\t<input type=\"text\" id=\"wpforms-293-field_5\" class=\"wpforms-field-medium\" name=\"wpforms[fields][5]\" >\n\t\t<\/div>\n\t\t<div id=\"wpforms-293-field_1-container\" class=\"wpforms-field wpforms-field-name\" data-field-id=\"1\"><fieldset><legend class=\"wpforms-field-label\">Name <span class=\"wpforms-required-label\" aria-hidden=\"true\">*<\/span><\/legend><div class=\"wpforms-field-row wpforms-field-medium\"><div class=\"wpforms-field-row-block wpforms-first wpforms-one-half\"><input type=\"text\" id=\"wpforms-293-field_1\" class=\"wpforms-field-name-first wpforms-field-required\" name=\"wpforms[fields][1][first]\" aria-errormessage=\"wpforms-293-field_1-error\" required><label for=\"wpforms-293-field_1\" class=\"wpforms-field-sublabel after\">Vorname<\/label><\/div><div class=\"wpforms-field-row-block wpforms-one-half\"><input type=\"text\" id=\"wpforms-293-field_1-last\" class=\"wpforms-field-name-last wpforms-field-required\" name=\"wpforms[fields][1][last]\" aria-errormessage=\"wpforms-293-field_1-last-error\" required><label for=\"wpforms-293-field_1-last\" class=\"wpforms-field-sublabel after\">Nachname<\/label><\/div><\/div><\/fieldset><\/div><div id=\"wpforms-293-field_2-container\" class=\"wpforms-field wpforms-field-email\" data-field-id=\"2\"><label class=\"wpforms-field-label\" for=\"wpforms-293-field_2\">E-Mail-Adresse <span class=\"wpforms-required-label\" aria-hidden=\"true\">*<\/span><\/label><input type=\"email\" id=\"wpforms-293-field_2\" class=\"wpforms-field-medium wpforms-field-required\" name=\"wpforms[fields][2]\" spellcheck=\"false\" aria-errormessage=\"wpforms-293-field_2-error\" required><\/div><div id=\"wpforms-293-field_4-container\" class=\"wpforms-field wpforms-field-select wpforms-field-select-style-classic\" data-field-id=\"4\"><label class=\"wpforms-field-label\" for=\"wpforms-293-field_4\">Service Interesse <span class=\"wpforms-required-label\" aria-hidden=\"true\">*<\/span><\/label><select id=\"wpforms-293-field_4\" class=\"wpforms-field-medium wpforms-field-required\" name=\"wpforms[fields][4]\" required=\"required\"><option value=\"\" class=\"placeholder\" disabled  selected='selected'>Service Anfrage<\/option><option value=\"Web Design (One Pager)\"  class=\"choice-1 depth-1\"  >Web Design (One Pager)<\/option><option value=\"Web Hosting\"  class=\"choice-5 depth-1\"  >Web Hosting<\/option><option value=\"Content Design (Flyer &amp; Social Media)\"  class=\"choice-2 depth-1\"  >Content Design (Flyer &amp; Social Media)<\/option><option value=\"Social Media Workshop\"  class=\"choice-3 depth-1\"  >Social Media Workshop<\/option><option value=\"Komplette IT L\u00f6sungen\"  class=\"choice-4 depth-1\"  >Komplette IT L\u00f6sungen<\/option><\/select><\/div><div id=\"wpforms-293-field_3-container\" class=\"wpforms-field wpforms-field-textarea\" data-field-id=\"3\"><label class=\"wpforms-field-label\" for=\"wpforms-293-field_3\">Anfrage oder Information<\/label><textarea id=\"wpforms-293-field_3\" class=\"wpforms-field-medium\" name=\"wpforms[fields][3]\" aria-errormessage=\"wpforms-293-field_3-error\" ><\/textarea><\/div><script>\n\t\t\t\t( function() {\n\t\t\t\t\tconst style = document.createElement( 'style' );\n\t\t\t\t\tstyle.appendChild( document.createTextNode( '#wpforms-293-field_5-container { position: absolute !important; overflow: hidden !important; display: inline !important; height: 1px !important; width: 1px !important; z-index: -1000 !important; padding: 0 !important; } #wpforms-293-field_5-container input { visibility: hidden; } #wpforms-conversational-form-page #wpforms-293-field_5-container label { counter-increment: none; }' ) );\n\t\t\t\t\tdocument.head.appendChild( style );\n\t\t\t\t\tdocument.currentScript?.remove();\n\t\t\t\t} )();\n\t\t\t<\/script><\/div><!-- .wpforms-field-container --><div class=\"wpforms-submit-container\" ><input type=\"hidden\" name=\"wpforms[id]\" value=\"293\"><input type=\"hidden\" name=\"page_title\" value=\"\"><input type=\"hidden\" name=\"page_url\" value=\"https:\/\/sprinta.ch\/index.php\/wp-json\/wp\/v2\/pages\/100\"><input type=\"hidden\" name=\"url_referer\" value=\"\"><button type=\"submit\" name=\"wpforms[submit]\" id=\"wpforms-submit-293\" class=\"wpforms-submit\" data-alt-text=\"Wird gesendet\u00a0\u2026\" data-submit-text=\"Absenden\" aria-live=\"assertive\" value=\"wpforms-submit\">Absenden<\/button><img loading=\"lazy\" decoding=\"async\" src=\"https:\/\/sprinta.ch\/wp-content\/plugins\/wpforms-lite\/assets\/images\/submit-spin.svg\" class=\"wpforms-submit-spinner\" style=\"display: none;\" width=\"26\" height=\"26\" alt=\"Wird geladen\"><\/div><\/form><\/div>  <!-- .wpforms-container -->\n\n\n<p class=\"has-text-align-center has-medium-font-size\" style=\"padding-right:var(--wp--preset--spacing--30);padding-left:var(--wp--preset--spacing--30)\">Wir sind der Allrounder in Content Creation, Website Building &amp; Hosting und Social Media Marketing!<\/p>\n<\/div>\n<\/div><\/div>\n\n\n\n<p><\/p>\n","protected":false},"excerpt":{"rendered":"<p>Referenzen Galerie DJ Website One Pager One Pager mit Lade Animationen, Eventkalender, Fotogalerie und Traffic Monitoring. Sprinta One Pager Selbstverst\u00e4ndlich [&hellip;]<\/p>\n","protected":false},"author":1,"featured_media":0,"parent":0,"menu_order":0,"comment_status":"closed","ping_status":"closed","template":"","meta":{"site-sidebar-layout":"default","site-content-layout":"","ast-site-content-layout":"","site-content-style":"default","site-sidebar-style":"default","ast-global-header-display":"","ast-banner-title-visibility":"","ast-main-header-display":"","ast-hfb-above-header-display":"","ast-hfb-below-header-display":"","ast-hfb-mobile-header-display":"","site-post-title":"disabled","ast-breadcrumbs-content":"","ast-featured-img":"","footer-sml-layout":"","theme-transparent-header-meta":"","adv-header-id-meta":"","stick-header-meta":"","header-above-stick-meta":"","header-main-stick-meta":"","header-below-stick-meta":"","astra-migrate-meta-layouts":"default","ast-page-background-enabled":"default","ast-page-background-meta":{"desktop":{"background-color":"var(--ast-global-color-4)","background-image":"","background-repeat":"repeat","background-position":"center center","background-size":"auto","background-attachment":"scroll","background-type":"","background-media":"","overlay-type":"","overlay-color":"","overlay-opacity":"","overlay-gradient":""},"tablet":{"background-color":"","background-image":"","background-repeat":"repeat","background-position":"center center","background-size":"auto","background-attachment":"scroll","background-type":"","background-media":"","overlay-type":"","overlay-color":"","overlay-opacity":"","overlay-gradient":""},"mobile":{"background-color":"","background-image":"","background-repeat":"repeat","background-position":"center center","background-size":"auto","background-attachment":"scroll","background-type":"","background-media":"","overlay-type":"","overlay-color":"","overlay-opacity":"","overlay-gradient":""}},"ast-content-background-meta":{"desktop":{"background-color":"var(--ast-global-color-5)","background-image":"","background-repeat":"repeat","background-position":"center center","background-size":"auto","background-attachment":"scroll","background-type":"","background-media":"","overlay-type":"","overlay-color":"","overlay-opacity":"","overlay-gradient":""},"tablet":{"background-color":"var(--ast-global-color-5)","background-image":"","background-repeat":"repeat","background-position":"center center","background-size":"auto","background-attachment":"scroll","background-type":"","background-media":"","overlay-type":"","overlay-color":"","overlay-opacity":"","overlay-gradient":""},"mobile":{"background-color":"var(--ast-global-color-5)","background-image":"","background-repeat":"repeat","background-position":"center center","background-size":"auto","background-attachment":"scroll","background-type":"","background-media":"","overlay-type":"","overlay-color":"","overlay-opacity":"","overlay-gradient":""}},"footnotes":""},"class_list":["post-100","page","type-page","status-publish","hentry"],"aioseo_notices":[],"_links":{"self":[{"href":"https:\/\/sprinta.ch\/index.php\/wp-json\/wp\/v2\/pages\/100","targetHints":{"allow":["GET"]}}],"collection":[{"href":"https:\/\/sprinta.ch\/index.php\/wp-json\/wp\/v2\/pages"}],"about":[{"href":"https:\/\/sprinta.ch\/index.php\/wp-json\/wp\/v2\/types\/page"}],"author":[{"embeddable":true,"href":"https:\/\/sprinta.ch\/index.php\/wp-json\/wp\/v2\/users\/1"}],"replies":[{"embeddable":true,"href":"https:\/\/sprinta.ch\/index.php\/wp-json\/wp\/v2\/comments?post=100"}],"version-history":[{"count":44,"href":"https:\/\/sprinta.ch\/index.php\/wp-json\/wp\/v2\/pages\/100\/revisions"}],"predecessor-version":[{"id":317,"href":"https:\/\/sprinta.ch\/index.php\/wp-json\/wp\/v2\/pages\/100\/revisions\/317"}],"wp:attachment":[{"href":"https:\/\/sprinta.ch\/index.php\/wp-json\/wp\/v2\/media?parent=100"}],"curies":[{"name":"wp","href":"https:\/\/api.w.org\/{rel}","templated":true}]}}