{"id":7,"date":"2024-02-14T08:45:49","date_gmt":"2024-02-14T08:45:49","guid":{"rendered":"https:\/\/sprinta.ch\/?page_id=7"},"modified":"2024-09-07T21:26:46","modified_gmt":"2024-09-07T21:26:46","slug":"startseite","status":"publish","type":"page","link":"https:\/\/sprinta.ch\/","title":{"rendered":"Home"},"content":{"rendered":"\n<div class=\"wp-block-cover alignfull wp-duotone-dark-grayscale\" style=\"border-style:none;border-width:0px;border-radius:0px;margin-top:0px;margin-bottom:0px;padding-top:0;padding-right:0;padding-bottom:0;padding-left:0;box-shadow:none;min-height:704px;aspect-ratio:unset;\"><span aria-hidden=\"true\" class=\"wp-block-cover__background has-background-dim-0 has-background-dim has-background-gradient has-luminous-vivid-amber-to-luminous-vivid-orange-gradient-background\"><\/span><img loading=\"lazy\" decoding=\"async\" width=\"1170\" height=\"780\" class=\"wp-block-cover__image-background wp-image-159\" alt=\"\" src=\"https:\/\/sprinta.ch\/wp-content\/uploads\/2024\/08\/iStock-schwarz-black-tropfen-wasser-hintergrund-1-1170x780-1.jpg\" style=\"object-position:35% 99%\" data-object-fit=\"cover\" data-object-position=\"35% 99%\" srcset=\"https:\/\/sprinta.ch\/wp-content\/uploads\/2024\/08\/iStock-schwarz-black-tropfen-wasser-hintergrund-1-1170x780-1.jpg 1170w, https:\/\/sprinta.ch\/wp-content\/uploads\/2024\/08\/iStock-schwarz-black-tropfen-wasser-hintergrund-1-1170x780-1-300x200.jpg 300w, https:\/\/sprinta.ch\/wp-content\/uploads\/2024\/08\/iStock-schwarz-black-tropfen-wasser-hintergrund-1-1170x780-1-1024x683.jpg 1024w, https:\/\/sprinta.ch\/wp-content\/uploads\/2024\/08\/iStock-schwarz-black-tropfen-wasser-hintergrund-1-1170x780-1-768x512.jpg 768w\" sizes=\"auto, (max-width: 1170px) 100vw, 1170px\" \/><div class=\"wp-block-cover__inner-container is-layout-flow wp-container-core-cover-is-layout-1 wp-block-cover-is-layout-flow\">\n<div class=\"inherit-container-width wp-block-group alignwide is-layout-constrained wp-block-group-is-layout-constrained\">\n<h1 class=\"wp-block-heading has-text-align-center has-ast-global-color-5-color has-text-color has-link-color wp-elements-698cd49d2ccf124c933589e9c68f9335\" style=\"padding-right:var(--wp--preset--spacing--30);padding-left:var(--wp--preset--spacing--30)\">SPRINTA &#8211; CONTENT DESIGN<\/h1>\n\n\n\n<p class=\"has-text-align-center o-typing-faster\" style=\"padding-right:var(--wp--preset--spacing--40);padding-left:var(--wp--preset--spacing--40)\"><o-anim-typing>Wir sind der Allrounder in Content Creation, Website Building &amp; Hosting und Social Media Marketing!<\/o-anim-typing><\/p>\n<\/div>\n\n\n\n<div class=\"wp-block-buttons animated pulse o-anim-hover is-content-justification-center is-layout-flex wp-container-core-buttons-is-layout-1 wp-block-buttons-is-layout-flex\" style=\"margin-top:var(--wp--preset--spacing--30);margin-bottom:var(--wp--preset--spacing--30)\">\n<div class=\"wp-block-button\"><a class=\"wp-block-button__link has-ast-global-color-5-background-color has-background wp-element-button\" href=\"#services\" style=\"box-shadow:var(--wp--preset--shadow--crisp)\">TAUCHE EIN<\/a><\/div>\n<\/div>\n<\/div><\/div>\n\n\n\n<div class=\"wp-block-group alignfull o-anim-hover has-ast-global-color-5-background-color has-background is-layout-constrained wp-container-core-group-is-layout-3 wp-block-group-is-layout-constrained\" id=\"services\" style=\"margin-bottom:var(--wp--preset--spacing--80);padding-bottom:0px\">\n<h2 class=\"wp-block-heading\">Dienste<\/h2>\n\n\n\n<p style=\"margin-bottom:var(--wp--preset--spacing--70)\">Wir bieten Dir eine breite Palette an Dienstleistungen, die genau auf Deine Bed\u00fcrfnisse zugeschnitten sind. Egal ob Du Deine Social Media Pr\u00e4senz optimieren m\u00f6chtest oder ma\u00dfgeschneiderte Inhalte ben\u00f6tigst \u2013 wir unterst\u00fctzen Dich dabei, Deine Ziele effektiv zu erreichen.<\/p>\n\n\n\n<div class=\"wp-block-columns are-vertically-aligned-top is-layout-flex wp-container-core-columns-is-layout-1 wp-block-columns-is-layout-flex\">\n<div class=\"wp-block-column is-vertically-aligned-top is-layout-flow wp-container-core-column-is-layout-1 wp-block-column-is-layout-flow\">\n<div class=\"wp-block-group is-layout-constrained wp-block-group-is-layout-constrained\">\n<figure class=\"wp-block-image size-large is-resized animated fadeIn o-anim-offset-50px slower\"><img decoding=\"async\" src=\"https:\/\/sprinta.ch\/wp-content\/themes\/astra\/inc\/assets\/images\/starter-content\/building.svg\" alt=\"\" class=\"wp-image-134\" style=\"width:50px;height:auto\"\/><\/figure>\n\n\n\n<h3 class=\"wp-block-heading has-text-align-left\" style=\"margin-top:16px\">Social Media<\/h3>\n\n\n\n<p class=\"has-text-align-left\" style=\"margin-top:0\">In der heutigen digitalen Welt ist eine starke Social Media Pr\u00e4senz unverzichtbar. Wir helfen Dir, Deine Marke auf den wichtigsten Plattformen optimal zu pr\u00e4sentieren und Deine Zielgruppe gezielt anzusprechen. Mit unseren ma\u00dfgeschneiderten Strategien maximierst Du Deine Reichweite und kommunizierst Deine Botschaft klar und wirkungsvoll.<\/p>\n<\/div>\n<\/div>\n\n\n\n<div class=\"wp-block-column is-vertically-aligned-top is-layout-flow wp-container-core-column-is-layout-2 wp-block-column-is-layout-flow\" style=\"padding-top:0;padding-bottom:0\">\n<figure class=\"wp-block-image size-large animated fadeIn slower o-anim-offset-50px\"><img decoding=\"async\" src=\"https:\/\/sprinta.ch\/wp-content\/themes\/astra\/inc\/assets\/images\/starter-content\/shopping-bag.svg\" alt=\"\" class=\"wp-image-135\"\/><\/figure>\n\n\n\n<h3 class=\"wp-block-heading has-text-align-left\" style=\"margin-top:16px\">Web Design<\/h3>\n\n\n\n<p class=\"has-text-align-left\">Ein professionelles und ansprechendes Webdesign ist entscheidend, um online erfolgreich zu sein. Wir gestalten f\u00fcr Dich moderne und benutzerfreundliche Websites, die nicht nur gut aussehen, sondern auch auf allen Ger\u00e4ten optimal funktionieren. Dabei legen wir gro\u00dfen Wert auf eine intuitive Navigation und ein Design, das Deine Marke perfekt widerspiegelt.<\/p>\n<\/div>\n\n\n\n<div class=\"wp-block-column is-vertically-aligned-top is-layout-flow wp-container-core-column-is-layout-3 wp-block-column-is-layout-flow\" style=\"padding-top:0;padding-bottom:0\">\n<figure class=\"wp-block-image size-large animated fadeIn slow o-anim-offset-50px\"><img decoding=\"async\" src=\"https:\/\/sprinta.ch\/wp-content\/themes\/astra\/inc\/assets\/images\/starter-content\/shopping-bag.svg\" alt=\"\" class=\"wp-image-135\"\/><\/figure>\n\n\n\n<h3 class=\"wp-block-heading has-text-align-left\" style=\"margin-top:16px\">Content Creation<\/h3>\n\n\n\n<p class=\"has-text-align-left\">Ob ein Flyer f\u00fcr Dein n\u00e4chstes Event oder ein Instagram-Slide-Post f\u00fcr eine Rabattaktion \u2013 wir erstellen f\u00fcr Dich hochwertige Inhalte, die Deine Zielgruppe ansprechen und Deine Botschaft klar vermitteln. Unser erfahrenes Team entwickelt kreative und wirkungsvolle Inhalte, die genau auf Deine Bed\u00fcrfnisse abgestimmt sind.<\/p>\n<\/div>\n<\/div>\n<\/div>\n\n\n\n<h3 class=\"wp-block-heading\">Referenzen<\/h3>\n\n\n\n<p>Es sind bereits einige Referenzen verf\u00fcgbar, und weitere werden bald folgen. In K\u00fcrze werden wir hier zus\u00e4tzliche Projekte vorstellen, die unsere Arbeit n\u00e4her beleuchten. Bleiben Sie gespannt!<\/p>\n\n\n\n<div class=\"wp-block-buttons is-content-justification-center is-layout-flex wp-container-core-buttons-is-layout-2 wp-block-buttons-is-layout-flex\" style=\"margin-top:var(--wp--preset--spacing--30);margin-bottom:var(--wp--preset--spacing--80)\">\n<div class=\"wp-block-button has-custom-width wp-block-button__width-50 has-custom-font-size has-medium-font-size\"><a class=\"wp-block-button__link has-ast-global-color-5-color has-ast-global-color-3-background-color has-text-color has-background has-link-color has-text-align-center wp-element-button\" href=\"https:\/\/sprinta.ch\/index.php\/Referenzen\" style=\"border-radius:100px;box-shadow:var(--wp--preset--shadow--crisp)\">Hier Klicken f\u00fcr Referenzen<\/a><\/div>\n<\/div>\n\n\n\n<div class=\"wp-block-group alignfull o-anim-hover is-layout-constrained wp-container-core-group-is-layout-4 wp-block-group-is-layout-constrained has-background\" id=\"preise\" style=\"padding-top:26px;padding-bottom:var(--wp--preset--spacing--70);background-position:50% 0;\">\n<h2 class=\"wp-block-heading alignwide has-text-align-left\">Direkt und Transparent &#8211; Unsere Preise<\/h2>\n\n\n\n<p><\/p>\n\n\n\n<div class=\"wp-block-columns is-layout-flex wp-container-core-columns-is-layout-2 wp-block-columns-is-layout-flex\" style=\"margin-top:50px\">\n<div class=\"wp-block-column animated fadeInUp slower o-anim-offset-50px is-layout-flow wp-container-core-column-is-layout-4 wp-block-column-is-layout-flow\">\n<h3 class=\"wp-block-heading has-text-align-center\" style=\"margin-top:16px\">One Pager Website<\/h3>\n\n\n\n<figure class=\"wp-block-image aligncenter size-full is-resized has-custom-border\"><img loading=\"lazy\" decoding=\"async\" width=\"450\" height=\"600\" src=\"https:\/\/sprinta.ch\/wp-content\/uploads\/2024\/08\/list.png\" alt=\"\" class=\"wp-image-190\" style=\"border-radius:30px;object-fit:cover;width:339px;height:450px\" srcset=\"https:\/\/sprinta.ch\/wp-content\/uploads\/2024\/08\/list.png 450w, https:\/\/sprinta.ch\/wp-content\/uploads\/2024\/08\/list-225x300.png 225w\" sizes=\"auto, (max-width: 450px) 100vw, 450px\" \/><\/figure>\n\n\n\n<p><\/p>\n<\/div>\n\n\n\n<div class=\"wp-block-column animated fadeInUp slower o-anim-offset-50px is-layout-flow wp-container-core-column-is-layout-5 wp-block-column-is-layout-flow\">\n<h3 class=\"wp-block-heading has-text-align-center\" style=\"margin-top:16px\">Grafik Design<\/h3>\n\n\n\n<figure class=\"wp-block-image aligncenter size-full is-resized has-custom-border\"><img loading=\"lazy\" decoding=\"async\" width=\"450\" height=\"600\" src=\"https:\/\/sprinta.ch\/wp-content\/uploads\/2024\/08\/list-2.png\" alt=\"\" class=\"wp-image-191\" style=\"border-style:none;border-width:0px;border-radius:30px;object-fit:cover;width:328px;height:450px\" srcset=\"https:\/\/sprinta.ch\/wp-content\/uploads\/2024\/08\/list-2.png 450w, https:\/\/sprinta.ch\/wp-content\/uploads\/2024\/08\/list-2-225x300.png 225w\" sizes=\"auto, (max-width: 450px) 100vw, 450px\" \/><\/figure>\n\n\n\n<p><\/p>\n<\/div>\n\n\n\n<div class=\"wp-block-column animated fadeInUp slower o-anim-offset-50px is-layout-flow wp-container-core-column-is-layout-6 wp-block-column-is-layout-flow\">\n<h3 class=\"wp-block-heading has-text-align-center\" style=\"margin-top:16px\">Website Hosting<\/h3>\n\n\n\n<figure class=\"wp-block-image aligncenter size-full is-resized has-custom-border is-style-rounded\"><img loading=\"lazy\" decoding=\"async\" width=\"450\" height=\"600\" src=\"https:\/\/sprinta.ch\/wp-content\/uploads\/2024\/08\/list-1.png\" alt=\"\" class=\"wp-image-192\" style=\"border-radius:30px;object-fit:cover;width:337px;height:450px\" srcset=\"https:\/\/sprinta.ch\/wp-content\/uploads\/2024\/08\/list-1.png 450w, https:\/\/sprinta.ch\/wp-content\/uploads\/2024\/08\/list-1-225x300.png 225w\" sizes=\"auto, (max-width: 450px) 100vw, 450px\" \/><\/figure>\n\n\n\n<p><\/p>\n<\/div>\n<\/div>\n<\/div>\n\n\n\n<h2 class=\"wp-block-heading\">Mehr zum Lieben &#8211; coming soon<\/h2>\n\n\n\n<p class=\"has-text-align-left\" style=\"margin-bottom:var(--wp--preset--spacing--80)\">Wir arbeiten derzeit an der Erstellung weiterer Preispakete, um Ihnen noch ma\u00dfgeschneidertere L\u00f6sungen anbieten zu k\u00f6nnen. Wenn Sie Interesse an zus\u00e4tzlichen Informatik-Dienstleistungen haben oder weitere Informationen w\u00fcnschen, stehen wir Ihnen gerne zur Verf\u00fcgung. Kontaktieren Sie uns einfach, um mehr zu erfahren!<\/p>\n\n\n\n<div class=\"wp-block-cover alignfull wp-duotone-dark-grayscale\" style=\"border-style:none;border-width:0px;border-radius:0px;margin-top:48px;margin-bottom:0px;padding-top:var(--wp--preset--spacing--50);padding-right:var(--wp--preset--spacing--50);padding-bottom:var(--wp--preset--spacing--50);padding-left:var(--wp--preset--spacing--50);box-shadow:none;min-height:369px;aspect-ratio:unset;\" id=\"contact\"><span aria-hidden=\"true\" class=\"wp-block-cover__background has-background-dim-0 has-background-dim has-background-gradient has-luminous-vivid-amber-to-luminous-vivid-orange-gradient-background\"><\/span><img loading=\"lazy\" decoding=\"async\" width=\"2400\" height=\"1350\" class=\"wp-block-cover__image-background wp-image-53\" alt=\"\" src=\"https:\/\/sprinta.ch\/wp-content\/uploads\/2024\/02\/rick-rothenberg-Ei1d8P-Fea8-unsplash.jpg\" style=\"object-position:55% 0%\" data-object-fit=\"cover\" data-object-position=\"55% 0%\" srcset=\"https:\/\/sprinta.ch\/wp-content\/uploads\/2024\/02\/rick-rothenberg-Ei1d8P-Fea8-unsplash.jpg 2400w, https:\/\/sprinta.ch\/wp-content\/uploads\/2024\/02\/rick-rothenberg-Ei1d8P-Fea8-unsplash-300x169.jpg 300w, https:\/\/sprinta.ch\/wp-content\/uploads\/2024\/02\/rick-rothenberg-Ei1d8P-Fea8-unsplash-1024x576.jpg 1024w, https:\/\/sprinta.ch\/wp-content\/uploads\/2024\/02\/rick-rothenberg-Ei1d8P-Fea8-unsplash-768x432.jpg 768w, https:\/\/sprinta.ch\/wp-content\/uploads\/2024\/02\/rick-rothenberg-Ei1d8P-Fea8-unsplash-1536x864.jpg 1536w, https:\/\/sprinta.ch\/wp-content\/uploads\/2024\/02\/rick-rothenberg-Ei1d8P-Fea8-unsplash-2048x1152.jpg 2048w\" sizes=\"auto, (max-width: 2400px) 100vw, 2400px\" \/><div class=\"wp-block-cover__inner-container is-layout-flow wp-container-core-cover-is-layout-2 wp-block-cover-is-layout-flow\">\n<div class=\"inherit-container-width wp-block-group alignwide is-layout-constrained wp-block-group-is-layout-constrained\">\n<h2 class=\"wp-block-heading has-text-align-left has-ast-global-color-6-color has-text-color has-link-color wp-elements-d2b5629bc8b177a38cb378ffd72d450e\" style=\"padding-right:var(--wp--preset--spacing--30);padding-left:var(--wp--preset--spacing--30)\">Tritt mit uns in Kontakt <\/h2>\n\n\n<style id=\"wpforms-css-vars-293-block-10dfbe3e-9523-4ac5-9a6b-0ba8c12e3895\">\n\t\t\t\t#wpforms-293.wpforms-block-10dfbe3e-9523-4ac5-9a6b-0ba8c12e3895 {\n\t\t\t\t--wpforms-label-color: var(--ast-global-color-5);\n--wpforms-label-sublabel-color: var(--ast-global-color-6);\n--wpforms-field-border-size: 2px;\n--wpforms-field-border-color: var(--ast-global-color-6);\n--wpforms-field-border-color-spare: var(--ast-global-color-6);\n--wpforms-field-text-color: var(--ast-global-color-8);\n--wpforms-button-background-color: var(--ast-global-color-6);\n--wpforms-button-text-color: var(--ast-global-color-2);\n--wpforms-field-size-input-height: 43px;\n--wpforms-field-size-input-spacing: 15px;\n--wpforms-field-size-font-size: 16px;\n--wpforms-field-size-line-height: 19px;\n--wpforms-field-size-padding-h: 14px;\n--wpforms-field-size-checkbox-size: 16px;\n--wpforms-field-size-sublabel-spacing: 5px;\n--wpforms-field-size-icon-size: 1;\n--wpforms-label-size-font-size: 16px;\n--wpforms-label-size-line-height: 19px;\n--wpforms-label-size-sublabel-font-size: 14px;\n--wpforms-label-size-sublabel-line-height: 17px;\n--wpforms-button-size-font-size: 17px;\n--wpforms-button-size-height: 41px;\n--wpforms-button-size-padding-h: 15px;\n--wpforms-button-size-margin-top: 10px;\n\t\t\t}\n\t\t\t<\/style><div class=\"wpforms-container wpforms-container-full animated fadeInDown o-anim-offset-50px wpforms-block wpforms-block-10dfbe3e-9523-4ac5-9a6b-0ba8c12e3895 wpforms-render-modern\" id=\"wpforms-293\"><form id=\"wpforms-form-293\" class=\"wpforms-validate wpforms-form wpforms-ajax-form\" data-formid=\"293\" method=\"post\" enctype=\"multipart\/form-data\" action=\"\/index.php\/wp-json\/wp\/v2\/pages\/7\" data-token=\"10736302b7d1ecfa568bf3e880f81d9a\" data-token-time=\"1776680756\"><noscript class=\"wpforms-error-noscript\">Bitte aktiviere JavaScript in deinem Browser, um dieses Formular fertigzustellen.<\/noscript><div id=\"wpforms-error-noscript\" style=\"display: none;\">Bitte aktiviere JavaScript in deinem Browser, um dieses Formular fertigzustellen.<\/div><div class=\"wpforms-field-container\"><div id=\"wpforms-293-field_1-container\" class=\"wpforms-field wpforms-field-name\" data-field-id=\"1\"><fieldset><legend class=\"wpforms-field-label\">Name <span class=\"wpforms-required-label\" aria-hidden=\"true\">*<\/span><\/legend><div class=\"wpforms-field-row wpforms-field-medium\"><div class=\"wpforms-field-row-block wpforms-first wpforms-one-half\"><input type=\"text\" id=\"wpforms-293-field_1\" class=\"wpforms-field-name-first wpforms-field-required\" name=\"wpforms[fields][1][first]\" aria-errormessage=\"wpforms-293-field_1-error\" required><label for=\"wpforms-293-field_1\" class=\"wpforms-field-sublabel after\">Vorname<\/label><\/div><div class=\"wpforms-field-row-block wpforms-one-half\"><input type=\"text\" id=\"wpforms-293-field_1-last\" class=\"wpforms-field-name-last wpforms-field-required\" name=\"wpforms[fields][1][last]\" aria-errormessage=\"wpforms-293-field_1-last-error\" required><label for=\"wpforms-293-field_1-last\" class=\"wpforms-field-sublabel after\">Nachname<\/label><\/div><\/div><\/fieldset><\/div><div id=\"wpforms-293-field_2-container\" class=\"wpforms-field wpforms-field-email\" data-field-id=\"2\"><label class=\"wpforms-field-label\" for=\"wpforms-293-field_2\">E-Mail-Adresse <span class=\"wpforms-required-label\" aria-hidden=\"true\">*<\/span><\/label><input type=\"email\" id=\"wpforms-293-field_2\" class=\"wpforms-field-medium wpforms-field-required\" name=\"wpforms[fields][2]\" spellcheck=\"false\" aria-errormessage=\"wpforms-293-field_2-error\" required><\/div>\t\t<div id=\"wpforms-293-field_5-container\"\n\t\t\tclass=\"wpforms-field wpforms-field-text\"\n\t\t\tdata-field-type=\"text\"\n\t\t\tdata-field-id=\"5\"\n\t\t\t>\n\t\t\t<label class=\"wpforms-field-label\" for=\"wpforms-293-field_5\" >Service Interesse E-Mail-Adresse<\/label>\n\t\t\t<input type=\"text\" id=\"wpforms-293-field_5\" class=\"wpforms-field-medium\" name=\"wpforms[fields][5]\" >\n\t\t<\/div>\n\t\t<div id=\"wpforms-293-field_4-container\" class=\"wpforms-field wpforms-field-select wpforms-field-select-style-classic\" data-field-id=\"4\"><label class=\"wpforms-field-label\" for=\"wpforms-293-field_4\">Service Interesse <span class=\"wpforms-required-label\" aria-hidden=\"true\">*<\/span><\/label><select id=\"wpforms-293-field_4\" class=\"wpforms-field-medium wpforms-field-required\" name=\"wpforms[fields][4]\" required=\"required\"><option value=\"\" class=\"placeholder\" disabled  selected='selected'>Service Anfrage<\/option><option value=\"Web Design (One Pager)\"  class=\"choice-1 depth-1\"  >Web Design (One Pager)<\/option><option value=\"Web Hosting\"  class=\"choice-5 depth-1\"  >Web Hosting<\/option><option value=\"Content Design (Flyer &amp; Social Media)\"  class=\"choice-2 depth-1\"  >Content Design (Flyer &amp; Social Media)<\/option><option value=\"Social Media Workshop\"  class=\"choice-3 depth-1\"  >Social Media Workshop<\/option><option value=\"Komplette IT L\u00f6sungen\"  class=\"choice-4 depth-1\"  >Komplette IT L\u00f6sungen<\/option><\/select><\/div><div id=\"wpforms-293-field_3-container\" class=\"wpforms-field wpforms-field-textarea\" data-field-id=\"3\"><label class=\"wpforms-field-label\" for=\"wpforms-293-field_3\">Anfrage oder Information<\/label><textarea id=\"wpforms-293-field_3\" class=\"wpforms-field-medium\" name=\"wpforms[fields][3]\" aria-errormessage=\"wpforms-293-field_3-error\" ><\/textarea><\/div><script>\n\t\t\t\t( function() {\n\t\t\t\t\tconst style = document.createElement( 'style' );\n\t\t\t\t\tstyle.appendChild( document.createTextNode( '#wpforms-293-field_5-container { position: absolute !important; overflow: hidden !important; display: inline !important; height: 1px !important; width: 1px !important; z-index: -1000 !important; padding: 0 !important; } #wpforms-293-field_5-container input { visibility: hidden; } #wpforms-conversational-form-page #wpforms-293-field_5-container label { counter-increment: none; }' ) );\n\t\t\t\t\tdocument.head.appendChild( style );\n\t\t\t\t\tdocument.currentScript?.remove();\n\t\t\t\t} )();\n\t\t\t<\/script><\/div><!-- .wpforms-field-container --><div class=\"wpforms-submit-container\" ><input type=\"hidden\" name=\"wpforms[id]\" value=\"293\"><input type=\"hidden\" name=\"page_title\" value=\"\"><input type=\"hidden\" name=\"page_url\" value=\"https:\/\/sprinta.ch\/index.php\/wp-json\/wp\/v2\/pages\/7\"><input type=\"hidden\" name=\"url_referer\" value=\"\"><button type=\"submit\" name=\"wpforms[submit]\" id=\"wpforms-submit-293\" class=\"wpforms-submit\" data-alt-text=\"Wird gesendet\u00a0\u2026\" data-submit-text=\"Absenden\" aria-live=\"assertive\" value=\"wpforms-submit\">Absenden<\/button><img loading=\"lazy\" decoding=\"async\" src=\"https:\/\/sprinta.ch\/wp-content\/plugins\/wpforms-lite\/assets\/images\/submit-spin.svg\" class=\"wpforms-submit-spinner\" style=\"display: none;\" width=\"26\" height=\"26\" alt=\"Wird geladen\"><\/div><\/form><\/div>  <!-- .wpforms-container -->\n\n\n<p class=\"has-text-align-center has-medium-font-size\" style=\"padding-right:var(--wp--preset--spacing--30);padding-left:var(--wp--preset--spacing--30)\">Wir sind der Allrounder in Content Creation, Website Building &amp; Hosting und Social Media Marketing!<\/p>\n<\/div>\n<\/div><\/div>\n\n\n\n<p><\/p>\n","protected":false},"excerpt":{"rendered":"<p>Dienste Wir bieten Dir eine breite Palette an Dienstleistungen, die genau auf Deine Bed\u00fcrfnisse zugeschnitten sind. Egal ob Du Deine [&hellip;]<\/p>\n","protected":false},"author":1,"featured_media":0,"parent":0,"menu_order":0,"comment_status":"closed","ping_status":"closed","template":"","meta":{"site-sidebar-layout":"default","site-content-layout":"plain-container","ast-site-content-layout":"","site-content-style":"default","site-sidebar-style":"default","ast-global-header-display":"","ast-banner-title-visibility":"","ast-main-header-display":"","ast-hfb-above-header-display":"","ast-hfb-below-header-display":"","ast-hfb-mobile-header-display":"","site-post-title":"disabled","ast-breadcrumbs-content":"","ast-featured-img":"","footer-sml-layout":"","theme-transparent-header-meta":"disabled","adv-header-id-meta":"","stick-header-meta":"","header-above-stick-meta":"","header-main-stick-meta":"","header-below-stick-meta":"","astra-migrate-meta-layouts":"default","ast-page-background-enabled":"default","ast-page-background-meta":{"desktop":{"background-color":"var(--ast-global-color-4)","background-image":"","background-repeat":"repeat","background-position":"center center","background-size":"auto","background-attachment":"scroll","background-type":"","background-media":"","overlay-type":"","overlay-color":"","overlay-opacity":"","overlay-gradient":""},"tablet":{"background-color":"","background-image":"","background-repeat":"repeat","background-position":"center center","background-size":"auto","background-attachment":"scroll","background-type":"","background-media":"","overlay-type":"","overlay-color":"","overlay-opacity":"","overlay-gradient":""},"mobile":{"background-color":"","background-image":"","background-repeat":"repeat","background-position":"center center","background-size":"auto","background-attachment":"scroll","background-type":"","background-media":"","overlay-type":"","overlay-color":"","overlay-opacity":"","overlay-gradient":""}},"ast-content-background-meta":{"desktop":{"background-color":"var(--ast-global-color-5)","background-image":"","background-repeat":"repeat","background-position":"center center","background-size":"auto","background-attachment":"scroll","background-type":"","background-media":"","overlay-type":"","overlay-color":"","overlay-opacity":"","overlay-gradient":""},"tablet":{"background-color":"var(--ast-global-color-5)","background-image":"","background-repeat":"repeat","background-position":"center center","background-size":"auto","background-attachment":"scroll","background-type":"","background-media":"","overlay-type":"","overlay-color":"","overlay-opacity":"","overlay-gradient":""},"mobile":{"background-color":"var(--ast-global-color-5)","background-image":"","background-repeat":"repeat","background-position":"center center","background-size":"auto","background-attachment":"scroll","background-type":"","background-media":"","overlay-type":"","overlay-color":"","overlay-opacity":"","overlay-gradient":""}},"footnotes":""},"class_list":["post-7","page","type-page","status-publish","hentry"],"aioseo_notices":[],"_links":{"self":[{"href":"https:\/\/sprinta.ch\/index.php\/wp-json\/wp\/v2\/pages\/7","targetHints":{"allow":["GET"]}}],"collection":[{"href":"https:\/\/sprinta.ch\/index.php\/wp-json\/wp\/v2\/pages"}],"about":[{"href":"https:\/\/sprinta.ch\/index.php\/wp-json\/wp\/v2\/types\/page"}],"author":[{"embeddable":true,"href":"https:\/\/sprinta.ch\/index.php\/wp-json\/wp\/v2\/users\/1"}],"replies":[{"embeddable":true,"href":"https:\/\/sprinta.ch\/index.php\/wp-json\/wp\/v2\/comments?post=7"}],"version-history":[{"count":127,"href":"https:\/\/sprinta.ch\/index.php\/wp-json\/wp\/v2\/pages\/7\/revisions"}],"predecessor-version":[{"id":323,"href":"https:\/\/sprinta.ch\/index.php\/wp-json\/wp\/v2\/pages\/7\/revisions\/323"}],"wp:attachment":[{"href":"https:\/\/sprinta.ch\/index.php\/wp-json\/wp\/v2\/media?parent=7"}],"curies":[{"name":"wp","href":"https:\/\/api.w.org\/{rel}","templated":true}]}}